{"id":2,"date":"2009-06-21T11:35:44","date_gmt":"2009-06-21T09:35:44","guid":{"rendered":"http:\/\/www.biodentiste.fr\/?page_id=2"},"modified":"2013-11-17T11:43:55","modified_gmt":"2013-11-17T09:43:55","slug":"a-propos","status":"publish","type":"page","link":"https:\/\/www.biodentiste.fr\/?page_id=2","title":{"rendered":"\u00c0 propos"},"content":{"rendered":"<p>Ce site est le blog personnel d\u2019un Chirurgien-Dentiste int\u00e9ress\u00e9 par les m\u00e9decines naturelles et une pratique dentaire novatrice, de qualit\u00e9 et respectueuse de la sant\u00e9 g\u00e9n\u00e9rale. Les informations que vous trouverez sur ce site ne peuvent en aucune mani\u00e8re se substituer \u00e0 une consultation au cabinet dentaire. Nous ne pouvons malheureusement donner aucune information par mail ni conseiller personnellement les patients sur la fa\u00e7on la plus ad\u00e9quate de traiter leur pathologie.<\/p>\n","protected":false},"excerpt":{"rendered":"<p>Ce site est le blog personnel d\u2019un Chirurgien-Dentiste int\u00e9ress\u00e9 par les m\u00e9decines naturelles et une pratique dentaire novatrice, de qualit\u00e9 et respectueuse de la sant\u00e9 g\u00e9n\u00e9rale. Les informations que vous trouverez sur ce site ne peuvent en aucune mani\u00e8re se substituer \u00e0 une consultation au cabinet dentaire. Nous ne pouvons malheureusement donner aucune information par [&hellip;]<\/p>\n","protected":false},"author":1,"featured_media":0,"parent":0,"menu_order":0,"comment_status":"open","ping_status":"open","template":"","meta":{"footnotes":""},"_links":{"self":[{"href":"https:\/\/www.biodentiste.fr\/index.php?rest_route=\/wp\/v2\/pages\/2"}],"collection":[{"href":"https:\/\/www.biodentiste.fr\/index.php?rest_route=\/wp\/v2\/pages"}],"about":[{"href":"https:\/\/www.biodentiste.fr\/index.php?rest_route=\/wp\/v2\/types\/page"}],"author":[{"embeddable":true,"href":"https:\/\/www.biodentiste.fr\/index.php?rest_route=\/wp\/v2\/users\/1"}],"replies":[{"embeddable":true,"href":"https:\/\/www.biodentiste.fr\/index.php?rest_route=%2Fwp%2Fv2%2Fcomments&post=2"}],"version-history":[{"count":3,"href":"https:\/\/www.biodentiste.fr\/index.php?rest_route=\/wp\/v2\/pages\/2\/revisions"}],"predecessor-version":[{"id":456,"href":"https:\/\/www.biodentiste.fr\/index.php?rest_route=\/wp\/v2\/pages\/2\/revisions\/456"}],"wp:attachment":[{"href":"https:\/\/www.biodentiste.fr\/index.php?rest_route=%2Fwp%2Fv2%2Fmedia&parent=2"}],"curies":[{"name":"wp","href":"https:\/\/api.w.org\/{rel}","templated":true}]}}